{"id":1325,"date":"2025-03-24T15:51:09","date_gmt":"2025-03-24T14:51:09","guid":{"rendered":"https:\/\/lavietara.eu\/?page_id=1325"},"modified":"2025-08-11T15:20:46","modified_gmt":"2025-08-11T13:20:46","slug":"contact","status":"publish","type":"page","link":"https:\/\/lavietara.eu\/fr\/contact\/","title":{"rendered":"Contact"},"content":{"rendered":"","protected":false},"excerpt":{"rendered":"","protected":false},"author":1,"featured_media":0,"parent":0,"menu_order":0,"comment_status":"closed","ping_status":"closed","template":"","meta":{"_acf_changed":false,"slim_seo":{"title":"Contact - La Vie Tara","description":"Contact Localisation SAS LaVieTara 56-58 Rue des C\u00e9vennes 07520 Lalouvesc, France Contact info@lavietara.fr WhatsApp : +31-6-57185438 Coordonn\u00e9es de la soci\u00e9t\u00e9 et de la banque RCS Anno"},"iawp_total_views":872,"footnotes":""},"class_list":["post-1325","page","type-page","status-publish","hentry"],"acf":[],"publishpress_future_action":{"enabled":false,"date":"2026-04-25 08:27:27","action":"change-status","newStatus":"draft","terms":[],"taxonomy":"","extraData":[]},"publishpress_future_workflow_manual_trigger":{"enabledWorkflows":[]},"_links":{"self":[{"href":"https:\/\/lavietara.eu\/fr\/wp-json\/wp\/v2\/pages\/1325","targetHints":{"allow":["GET"]}}],"collection":[{"href":"https:\/\/lavietara.eu\/fr\/wp-json\/wp\/v2\/pages"}],"about":[{"href":"https:\/\/lavietara.eu\/fr\/wp-json\/wp\/v2\/types\/page"}],"author":[{"embeddable":true,"href":"https:\/\/lavietara.eu\/fr\/wp-json\/wp\/v2\/users\/1"}],"replies":[{"embeddable":true,"href":"https:\/\/lavietara.eu\/fr\/wp-json\/wp\/v2\/comments?post=1325"}],"version-history":[{"count":4,"href":"https:\/\/lavietara.eu\/fr\/wp-json\/wp\/v2\/pages\/1325\/revisions"}],"predecessor-version":[{"id":2038,"href":"https:\/\/lavietara.eu\/fr\/wp-json\/wp\/v2\/pages\/1325\/revisions\/2038"}],"wp:attachment":[{"href":"https:\/\/lavietara.eu\/fr\/wp-json\/wp\/v2\/media?parent=1325"}],"curies":[{"name":"wp","href":"https:\/\/api.w.org\/{rel}","templated":true}]}}