{"id":1472,"date":"2025-03-28T18:02:09","date_gmt":"2025-03-28T17:02:09","guid":{"rendered":"https:\/\/lavietara.eu\/?page_id=1472"},"modified":"2025-06-23T11:21:59","modified_gmt":"2025-06-23T09:21:59","slug":"offre-individuelle","status":"publish","type":"page","link":"https:\/\/lavietara.eu\/fr\/aanbod\/individueel-aanbod\/","title":{"rendered":"Offre individuelle"},"content":{"rendered":"","protected":false},"excerpt":{"rendered":"","protected":false},"author":1,"featured_media":0,"parent":971,"menu_order":0,"comment_status":"closed","ping_status":"closed","template":"","meta":{"_acf_changed":false,"slim_seo":{"description":"D\u00e9tendez-vous \u00e0 LaVieTara en Ard\u00e8che : un h\u00e9bergement unique pour les voyageurs solitaires, les familles ou les petits groupes. Profitez de la nature, du silence, des promenades et des repas sains.","title":"Offre individuelle - La Vie Tara"},"iawp_total_views":1033,"footnotes":""},"class_list":["post-1472","page","type-page","status-publish","hentry"],"acf":[],"publishpress_future_action":{"enabled":false,"date":"2026-05-20 06:14:36","action":"change-status","newStatus":"draft","terms":[],"taxonomy":"","extraData":[]},"publishpress_future_workflow_manual_trigger":{"enabledWorkflows":[]},"_links":{"self":[{"href":"https:\/\/lavietara.eu\/fr\/wp-json\/wp\/v2\/pages\/1472","targetHints":{"allow":["GET"]}}],"collection":[{"href":"https:\/\/lavietara.eu\/fr\/wp-json\/wp\/v2\/pages"}],"about":[{"href":"https:\/\/lavietara.eu\/fr\/wp-json\/wp\/v2\/types\/page"}],"author":[{"embeddable":true,"href":"https:\/\/lavietara.eu\/fr\/wp-json\/wp\/v2\/users\/1"}],"replies":[{"embeddable":true,"href":"https:\/\/lavietara.eu\/fr\/wp-json\/wp\/v2\/comments?post=1472"}],"version-history":[{"count":2,"href":"https:\/\/lavietara.eu\/fr\/wp-json\/wp\/v2\/pages\/1472\/revisions"}],"predecessor-version":[{"id":2027,"href":"https:\/\/lavietara.eu\/fr\/wp-json\/wp\/v2\/pages\/1472\/revisions\/2027"}],"up":[{"embeddable":true,"href":"https:\/\/lavietara.eu\/fr\/wp-json\/wp\/v2\/pages\/971"}],"wp:attachment":[{"href":"https:\/\/lavietara.eu\/fr\/wp-json\/wp\/v2\/media?parent=1472"}],"curies":[{"name":"wp","href":"https:\/\/api.w.org\/{rel}","templated":true}]}}