{"id":1541,"date":"2025-03-31T10:37:02","date_gmt":"2025-03-31T08:37:02","guid":{"rendered":"https:\/\/lavietara.eu\/?page_id=1541"},"modified":"2025-06-23T11:21:28","modified_gmt":"2025-06-23T09:21:28","slug":"reunions-de-groupe","status":"publish","type":"page","link":"https:\/\/lavietara.eu\/fr\/aanbod\/groepsbijeenkomsten\/","title":{"rendered":"R\u00e9unions de groupe"},"content":{"rendered":"","protected":false},"excerpt":{"rendered":"","protected":false},"author":1,"featured_media":0,"parent":971,"menu_order":0,"comment_status":"closed","ping_status":"closed","template":"","meta":{"_acf_changed":false,"slim_seo":{"description":"Organisez votre r\u00e9union de groupe \u00e0 LaVieTara : un lieu inspirant en Ard\u00e8che avec un espace pour 43 personnes, une cuisine biologique, une chapelle et une nature \u00e0 couper le souffle.","title":"R\u00e9unions du groupe - La Vie Tara"},"iawp_total_views":386,"footnotes":""},"class_list":["post-1541","page","type-page","status-publish","hentry"],"acf":[],"publishpress_future_action":{"enabled":false,"date":"2026-04-25 11:31:53","action":"change-status","newStatus":"draft","terms":[],"taxonomy":"","extraData":[]},"publishpress_future_workflow_manual_trigger":{"enabledWorkflows":[]},"_links":{"self":[{"href":"https:\/\/lavietara.eu\/fr\/wp-json\/wp\/v2\/pages\/1541","targetHints":{"allow":["GET"]}}],"collection":[{"href":"https:\/\/lavietara.eu\/fr\/wp-json\/wp\/v2\/pages"}],"about":[{"href":"https:\/\/lavietara.eu\/fr\/wp-json\/wp\/v2\/types\/page"}],"author":[{"embeddable":true,"href":"https:\/\/lavietara.eu\/fr\/wp-json\/wp\/v2\/users\/1"}],"replies":[{"embeddable":true,"href":"https:\/\/lavietara.eu\/fr\/wp-json\/wp\/v2\/comments?post=1541"}],"version-history":[{"count":4,"href":"https:\/\/lavietara.eu\/fr\/wp-json\/wp\/v2\/pages\/1541\/revisions"}],"predecessor-version":[{"id":2026,"href":"https:\/\/lavietara.eu\/fr\/wp-json\/wp\/v2\/pages\/1541\/revisions\/2026"}],"up":[{"embeddable":true,"href":"https:\/\/lavietara.eu\/fr\/wp-json\/wp\/v2\/pages\/971"}],"wp:attachment":[{"href":"https:\/\/lavietara.eu\/fr\/wp-json\/wp\/v2\/media?parent=1541"}],"curies":[{"name":"wp","href":"https:\/\/api.w.org\/{rel}","templated":true}]}}