{"id":1567,"date":"2025-03-31T11:05:31","date_gmt":"2025-03-31T09:05:31","guid":{"rendered":"https:\/\/lavietara.eu\/?page_id=1567"},"modified":"2025-06-23T11:22:08","modified_gmt":"2025-06-23T09:22:08","slug":"conventions-daffaires","status":"publish","type":"page","link":"https:\/\/lavietara.eu\/fr\/aanbod\/zakelijke-bijeenkomsten\/","title":{"rendered":"R\u00e9unions d'affaires"},"content":{"rendered":"","protected":false},"excerpt":{"rendered":"","protected":false},"author":1,"featured_media":0,"parent":971,"menu_order":0,"comment_status":"closed","ping_status":"closed","template":"","meta":{"_acf_changed":false,"slim_seo":{"description":"Organisez votre \u00e9v\u00e9nement professionnel \u00e0 LaVieTara en Ard\u00e8che : un lieu unique pour les r\u00e9unions, les retraites et le team building dans un cadre naturel et paisible.","title":"R\u00e9unions d'affaires - La Vie Tara"},"iawp_total_views":133,"footnotes":""},"class_list":["post-1567","page","type-page","status-publish","hentry"],"acf":[],"publishpress_future_action":{"enabled":false,"date":"2026-04-25 08:21:17","action":"change-status","newStatus":"draft","terms":[],"taxonomy":"","extraData":[]},"publishpress_future_workflow_manual_trigger":{"enabledWorkflows":[]},"_links":{"self":[{"href":"https:\/\/lavietara.eu\/fr\/wp-json\/wp\/v2\/pages\/1567","targetHints":{"allow":["GET"]}}],"collection":[{"href":"https:\/\/lavietara.eu\/fr\/wp-json\/wp\/v2\/pages"}],"about":[{"href":"https:\/\/lavietara.eu\/fr\/wp-json\/wp\/v2\/types\/page"}],"author":[{"embeddable":true,"href":"https:\/\/lavietara.eu\/fr\/wp-json\/wp\/v2\/users\/1"}],"replies":[{"embeddable":true,"href":"https:\/\/lavietara.eu\/fr\/wp-json\/wp\/v2\/comments?post=1567"}],"version-history":[{"count":3,"href":"https:\/\/lavietara.eu\/fr\/wp-json\/wp\/v2\/pages\/1567\/revisions"}],"predecessor-version":[{"id":2029,"href":"https:\/\/lavietara.eu\/fr\/wp-json\/wp\/v2\/pages\/1567\/revisions\/2029"}],"up":[{"embeddable":true,"href":"https:\/\/lavietara.eu\/fr\/wp-json\/wp\/v2\/pages\/971"}],"wp:attachment":[{"href":"https:\/\/lavietara.eu\/fr\/wp-json\/wp\/v2\/media?parent=1567"}],"curies":[{"name":"wp","href":"https:\/\/api.w.org\/{rel}","templated":true}]}}