{"id":1584,"date":"2025-03-31T11:33:10","date_gmt":"2025-03-31T09:33:10","guid":{"rendered":"https:\/\/lavietara.eu\/?page_id=1584"},"modified":"2025-06-23T12:11:50","modified_gmt":"2025-06-23T10:11:50","slug":"retraites","status":"publish","type":"page","link":"https:\/\/lavietara.eu\/fr\/aanbod\/retraites\/","title":{"rendered":"Retraites"},"content":{"rendered":"","protected":false},"excerpt":{"rendered":"","protected":false},"author":1,"featured_media":0,"parent":971,"menu_order":0,"comment_status":"closed","ping_status":"closed","template":"","meta":{"_acf_changed":false,"slim_seo":{"description":"Organisez votre retraite \u00e0 LaVieTara : un lieu serein en Ard\u00e8che avec chapelle, cuisine biologique et nature environnante. Id\u00e9al pour la r\u00e9flexion et l'approfondissement en groupe.","title":"Retraites - La Vie Tara"},"iawp_total_views":718,"footnotes":""},"class_list":["post-1584","page","type-page","status-publish","hentry"],"acf":[],"publishpress_future_action":{"enabled":false,"date":"2026-05-16 15:38:28","action":"change-status","newStatus":"draft","terms":[],"taxonomy":"","extraData":[]},"publishpress_future_workflow_manual_trigger":{"enabledWorkflows":[]},"_links":{"self":[{"href":"https:\/\/lavietara.eu\/fr\/wp-json\/wp\/v2\/pages\/1584","targetHints":{"allow":["GET"]}}],"collection":[{"href":"https:\/\/lavietara.eu\/fr\/wp-json\/wp\/v2\/pages"}],"about":[{"href":"https:\/\/lavietara.eu\/fr\/wp-json\/wp\/v2\/types\/page"}],"author":[{"embeddable":true,"href":"https:\/\/lavietara.eu\/fr\/wp-json\/wp\/v2\/users\/1"}],"replies":[{"embeddable":true,"href":"https:\/\/lavietara.eu\/fr\/wp-json\/wp\/v2\/comments?post=1584"}],"version-history":[{"count":3,"href":"https:\/\/lavietara.eu\/fr\/wp-json\/wp\/v2\/pages\/1584\/revisions"}],"predecessor-version":[{"id":2030,"href":"https:\/\/lavietara.eu\/fr\/wp-json\/wp\/v2\/pages\/1584\/revisions\/2030"}],"up":[{"embeddable":true,"href":"https:\/\/lavietara.eu\/fr\/wp-json\/wp\/v2\/pages\/971"}],"wp:attachment":[{"href":"https:\/\/lavietara.eu\/fr\/wp-json\/wp\/v2\/media?parent=1584"}],"curies":[{"name":"wp","href":"https:\/\/api.w.org\/{rel}","templated":true}]}}