{"id":1596,"date":"2025-03-31T11:52:20","date_gmt":"2025-03-31T09:52:20","guid":{"rendered":"https:\/\/lavietara.eu\/?page_id=1596"},"modified":"2025-04-03T14:11:52","modified_gmt":"2025-04-03T12:11:52","slug":"contact-de-remerciement","status":"publish","type":"page","link":"https:\/\/lavietara.eu\/fr\/contact\/bedankt-contact\/","title":{"rendered":"Merci de nous contacter"},"content":{"rendered":"","protected":false},"excerpt":{"rendered":"","protected":false},"author":1,"featured_media":0,"parent":1325,"menu_order":0,"comment_status":"closed","ping_status":"closed","template":"","meta":{"_acf_changed":false,"slim_seo":{"title":"Bedankt contact - La Vie Tara","description":"Nous vous remercions de votre attention. Votre question ou commentaire a \u00e9t\u00e9 re\u00e7u en bonne et due forme. Nous y r\u00e9pondrons dans les plus brefs d\u00e9lais. Si vous n'avez pas coch\u00e9 cette case dans le formulaire, nous vous r\u00e9pondrons dans les plus brefs d\u00e9lais."},"iawp_total_views":66,"footnotes":""},"class_list":["post-1596","page","type-page","status-publish","hentry"],"acf":[],"publishpress_future_action":{"enabled":false,"date":"2026-05-08 03:00:58","action":"change-status","newStatus":"draft","terms":[],"taxonomy":"","extraData":[]},"publishpress_future_workflow_manual_trigger":{"enabledWorkflows":[]},"_links":{"self":[{"href":"https:\/\/lavietara.eu\/fr\/wp-json\/wp\/v2\/pages\/1596","targetHints":{"allow":["GET"]}}],"collection":[{"href":"https:\/\/lavietara.eu\/fr\/wp-json\/wp\/v2\/pages"}],"about":[{"href":"https:\/\/lavietara.eu\/fr\/wp-json\/wp\/v2\/types\/page"}],"author":[{"embeddable":true,"href":"https:\/\/lavietara.eu\/fr\/wp-json\/wp\/v2\/users\/1"}],"replies":[{"embeddable":true,"href":"https:\/\/lavietara.eu\/fr\/wp-json\/wp\/v2\/comments?post=1596"}],"version-history":[{"count":0,"href":"https:\/\/lavietara.eu\/fr\/wp-json\/wp\/v2\/pages\/1596\/revisions"}],"up":[{"embeddable":true,"href":"https:\/\/lavietara.eu\/fr\/wp-json\/wp\/v2\/pages\/1325"}],"wp:attachment":[{"href":"https:\/\/lavietara.eu\/fr\/wp-json\/wp\/v2\/media?parent=1596"}],"curies":[{"name":"wp","href":"https:\/\/api.w.org\/{rel}","templated":true}]}}