{"id":1603,"date":"2025-03-31T12:05:25","date_gmt":"2025-03-31T10:05:25","guid":{"rendered":"https:\/\/lavietara.eu\/?page_id=1603"},"modified":"2025-04-03T14:04:10","modified_gmt":"2025-04-03T12:04:10","slug":"evenement-de-remerciement","status":"publish","type":"page","link":"https:\/\/lavietara.eu\/fr\/bedankt-evenement\/","title":{"rendered":"\u00c9v\u00e9nement de remerciement"},"content":{"rendered":"","protected":false},"excerpt":{"rendered":"","protected":false},"author":1,"featured_media":0,"parent":0,"menu_order":0,"comment_status":"closed","ping_status":"closed","template":"","meta":{"_acf_changed":false,"slim_seo":{"title":"Bedankt evenement - La Vie Tara","description":"Nous vous remercions pour votre inscription. Votre inscription a \u00e9t\u00e9 re\u00e7ue en bonne et due forme. Nous vous remercions de votre inscription. Vous recevrez plus d'informations en temps voulu. Veuillez saisir votre adresse e-mail ci-dessous"},"iawp_total_views":13,"footnotes":""},"class_list":["post-1603","page","type-page","status-publish","hentry"],"acf":[],"publishpress_future_action":{"enabled":false,"date":"2026-05-10 13:06:10","action":"change-status","newStatus":"draft","terms":[],"taxonomy":"","extraData":[]},"publishpress_future_workflow_manual_trigger":{"enabledWorkflows":[]},"_links":{"self":[{"href":"https:\/\/lavietara.eu\/fr\/wp-json\/wp\/v2\/pages\/1603","targetHints":{"allow":["GET"]}}],"collection":[{"href":"https:\/\/lavietara.eu\/fr\/wp-json\/wp\/v2\/pages"}],"about":[{"href":"https:\/\/lavietara.eu\/fr\/wp-json\/wp\/v2\/types\/page"}],"author":[{"embeddable":true,"href":"https:\/\/lavietara.eu\/fr\/wp-json\/wp\/v2\/users\/1"}],"replies":[{"embeddable":true,"href":"https:\/\/lavietara.eu\/fr\/wp-json\/wp\/v2\/comments?post=1603"}],"version-history":[{"count":0,"href":"https:\/\/lavietara.eu\/fr\/wp-json\/wp\/v2\/pages\/1603\/revisions"}],"wp:attachment":[{"href":"https:\/\/lavietara.eu\/fr\/wp-json\/wp\/v2\/media?parent=1603"}],"curies":[{"name":"wp","href":"https:\/\/api.w.org\/{rel}","templated":true}]}}