{"id":1750,"date":"2025-04-10T14:44:41","date_gmt":"2025-04-10T12:44:41","guid":{"rendered":"https:\/\/lavietara.eu\/?page_id=1750"},"modified":"2025-04-10T14:54:27","modified_gmt":"2025-04-10T12:54:27","slug":"credits","status":"publish","type":"page","link":"https:\/\/lavietara.eu\/fr\/credits\/","title":{"rendered":"Cr\u00e9dits"},"content":{"rendered":"","protected":false},"excerpt":{"rendered":"","protected":false},"author":1,"featured_media":0,"parent":0,"menu_order":0,"comment_status":"closed","ping_status":"closed","template":"","meta":{"_acf_changed":false,"slim_seo":{"title":"Cr\u00e9dits - La Vie Tara","description":"Cr\u00e9dits Cr\u00e9dits : Webmaat - Martin Koedoot Conception et d\u00e9veloppement du site web. Studio Broodnodig - Saskia Marquering Cr\u00e9ation du logo Mevrouwhelder &amp;#821"},"iawp_total_views":26,"footnotes":""},"class_list":["post-1750","page","type-page","status-publish","hentry"],"acf":[],"publishpress_future_action":{"enabled":false,"date":"2026-04-25 08:10:46","action":"change-status","newStatus":"draft","terms":[],"taxonomy":"","extraData":[]},"publishpress_future_workflow_manual_trigger":{"enabledWorkflows":[]},"_links":{"self":[{"href":"https:\/\/lavietara.eu\/fr\/wp-json\/wp\/v2\/pages\/1750","targetHints":{"allow":["GET"]}}],"collection":[{"href":"https:\/\/lavietara.eu\/fr\/wp-json\/wp\/v2\/pages"}],"about":[{"href":"https:\/\/lavietara.eu\/fr\/wp-json\/wp\/v2\/types\/page"}],"author":[{"embeddable":true,"href":"https:\/\/lavietara.eu\/fr\/wp-json\/wp\/v2\/users\/1"}],"replies":[{"embeddable":true,"href":"https:\/\/lavietara.eu\/fr\/wp-json\/wp\/v2\/comments?post=1750"}],"version-history":[{"count":0,"href":"https:\/\/lavietara.eu\/fr\/wp-json\/wp\/v2\/pages\/1750\/revisions"}],"wp:attachment":[{"href":"https:\/\/lavietara.eu\/fr\/wp-json\/wp\/v2\/media?parent=1750"}],"curies":[{"name":"wp","href":"https:\/\/api.w.org\/{rel}","templated":true}]}}