{"id":1965,"date":"2025-04-25T11:25:53","date_gmt":"2025-04-25T09:25:53","guid":{"rendered":"https:\/\/lavietara.eu\/?page_id=1965"},"modified":"2025-04-25T11:30:13","modified_gmt":"2025-04-25T09:30:13","slug":"conditions-de-protection-de-la-vie-privee","status":"publish","type":"page","link":"https:\/\/lavietara.eu\/fr\/privacy-voorwaarden\/","title":{"rendered":"Conditions de protection de la vie priv\u00e9e"},"content":{"rendered":"","protected":false},"excerpt":{"rendered":"","protected":false},"author":1,"featured_media":0,"parent":0,"menu_order":0,"comment_status":"closed","ping_status":"closed","template":"","meta":{"_acf_changed":false,"slim_seo":{"title":"Conditions de confidentialit\u00e9 - La Vie Tara","description":"LaVieTara, situ\u00e9e \u00e0 SAS LaVieTara 56-58 Rue des C\u00e9vennes 07520 Lalouvesc, France, est responsable du traitement des donn\u00e9es \u00e0 caract\u00e8re personnel."},"iawp_total_views":42,"footnotes":""},"class_list":["post-1965","page","type-page","status-publish","hentry"],"acf":[],"publishpress_future_action":{"enabled":false,"date":"2026-04-25 09:51:57","action":"change-status","newStatus":"draft","terms":[],"taxonomy":"","extraData":[]},"publishpress_future_workflow_manual_trigger":{"enabledWorkflows":[]},"_links":{"self":[{"href":"https:\/\/lavietara.eu\/fr\/wp-json\/wp\/v2\/pages\/1965","targetHints":{"allow":["GET"]}}],"collection":[{"href":"https:\/\/lavietara.eu\/fr\/wp-json\/wp\/v2\/pages"}],"about":[{"href":"https:\/\/lavietara.eu\/fr\/wp-json\/wp\/v2\/types\/page"}],"author":[{"embeddable":true,"href":"https:\/\/lavietara.eu\/fr\/wp-json\/wp\/v2\/users\/1"}],"replies":[{"embeddable":true,"href":"https:\/\/lavietara.eu\/fr\/wp-json\/wp\/v2\/comments?post=1965"}],"version-history":[{"count":0,"href":"https:\/\/lavietara.eu\/fr\/wp-json\/wp\/v2\/pages\/1965\/revisions"}],"wp:attachment":[{"href":"https:\/\/lavietara.eu\/fr\/wp-json\/wp\/v2\/media?parent=1965"}],"curies":[{"name":"wp","href":"https:\/\/api.w.org\/{rel}","templated":true}]}}