{"id":971,"date":"2025-03-19T12:30:14","date_gmt":"2025-03-19T11:30:14","guid":{"rendered":"https:\/\/lavietara.eu\/?page_id=971"},"modified":"2025-04-25T09:59:59","modified_gmt":"2025-04-25T07:59:59","slug":"offrir","status":"publish","type":"page","link":"https:\/\/lavietara.eu\/fr\/aanbod\/","title":{"rendered":"Offre"},"content":{"rendered":"","protected":false},"excerpt":{"rendered":"","protected":false},"author":1,"featured_media":700,"parent":0,"menu_order":0,"comment_status":"closed","ping_status":"closed","template":"","meta":{"_acf_changed":false,"slim_seo":{"description":"D\u00e9couvrez l'offre de LaVieTara en Ard\u00e8che fran\u00e7aise : un lieu inspirant pour des retraites, des r\u00e9unions d'affaires, des s\u00e9jours de groupe et des vacances dans la paix, la nature et le silence.","title":"Offre - La Vie Tara"},"iawp_total_views":790,"footnotes":""},"class_list":["post-971","page","type-page","status-publish","has-post-thumbnail","hentry"],"acf":[],"publishpress_future_action":{"enabled":false,"date":"2026-05-06 08:17:46","action":"change-status","newStatus":"draft","terms":[],"taxonomy":"","extraData":[]},"publishpress_future_workflow_manual_trigger":{"enabledWorkflows":[]},"_links":{"self":[{"href":"https:\/\/lavietara.eu\/fr\/wp-json\/wp\/v2\/pages\/971","targetHints":{"allow":["GET"]}}],"collection":[{"href":"https:\/\/lavietara.eu\/fr\/wp-json\/wp\/v2\/pages"}],"about":[{"href":"https:\/\/lavietara.eu\/fr\/wp-json\/wp\/v2\/types\/page"}],"author":[{"embeddable":true,"href":"https:\/\/lavietara.eu\/fr\/wp-json\/wp\/v2\/users\/1"}],"replies":[{"embeddable":true,"href":"https:\/\/lavietara.eu\/fr\/wp-json\/wp\/v2\/comments?post=971"}],"version-history":[{"count":0,"href":"https:\/\/lavietara.eu\/fr\/wp-json\/wp\/v2\/pages\/971\/revisions"}],"wp:featuredmedia":[{"embeddable":true,"href":"https:\/\/lavietara.eu\/fr\/wp-json\/wp\/v2\/media\/700"}],"wp:attachment":[{"href":"https:\/\/lavietara.eu\/fr\/wp-json\/wp\/v2\/media?parent=971"}],"curies":[{"name":"wp","href":"https:\/\/api.w.org\/{rel}","templated":true}]}}